{"id":86,"date":"2022-05-29T09:45:08","date_gmt":"2022-05-29T09:45:08","guid":{"rendered":"https:\/\/amginesystems.de\/?page_id=86"},"modified":"2022-05-29T09:45:08","modified_gmt":"2022-05-29T09:45:08","slug":"shops","status":"publish","type":"page","link":"https:\/\/amginesystems.de\/?page_id=86","title":{"rendered":"Shops"},"content":{"rendered":"<h6>Shopware\/OCI Webshops<\/h6>\n\n\n<p>Sie wollen einen neuen Webshop aufbauen und diesen optimalerweise gleich mit Ihrem ERP verbinden, um die Produkte nur in einem System pflegen zu m\u00fcssen?<\/p>\n\n\n\n<p>Shops mit Shopware habe ich bereits realisiert bzw. auch bestehende Shops angepasst.<\/p>\n\n\n\n<p>Es bietet sich hier die M\u00f6glichkeit, einen kostenfreien Shop oder auch eine Enterpreise Version zu erstellen.<\/p>\n\n\n\n<p>Mein Fokus beim Thema Shops ist es, den Verwaltungsaufwand des Shops so gering wie m\u00f6glich zu halten, sodass eine doppelte Datenpflege unn\u00f6tig ist. Der Shop erh\u00e4lt alle Daten aus ihrer Warenwirtschaft sowie die Funktion, Bestellungen automatisch vom Shop in dieser anzulegen.<\/p>\n","protected":false},"excerpt":{"rendered":"<p>Shopware\/OCI Webshops Sie wollen einen neuen Webshop aufbauen und diesen optimalerweise gleich mit Ihrem ERP verbinden, um die Produkte nur in einem System pflegen zu m\u00fcssen? Shops mit Shopware habe ich bereits realisiert bzw. auch bestehende Shops angepasst. Es bietet sich hier die M\u00f6glichkeit, einen kostenfreien Shop oder auch eine Enterpreise Version zu erstellen. Mein&hellip; <a class=\"more-link\" href=\"https:\/\/amginesystems.de\/?page_id=86\"><span class=\"screen-reader-text\">Shops<\/span> weiterlesen<\/a><\/p>\n","protected":false},"author":1,"featured_media":0,"parent":0,"menu_order":0,"comment_status":"closed","ping_status":"closed","template":"","meta":{"footnotes":""},"class_list":["post-86","page","type-page","status-publish","hentry","entry"],"_links":{"self":[{"href":"https:\/\/amginesystems.de\/index.php?rest_route=\/wp\/v2\/pages\/86","targetHints":{"allow":["GET"]}}],"collection":[{"href":"https:\/\/amginesystems.de\/index.php?rest_route=\/wp\/v2\/pages"}],"about":[{"href":"https:\/\/amginesystems.de\/index.php?rest_route=\/wp\/v2\/types\/page"}],"author":[{"embeddable":true,"href":"https:\/\/amginesystems.de\/index.php?rest_route=\/wp\/v2\/users\/1"}],"replies":[{"embeddable":true,"href":"https:\/\/amginesystems.de\/index.php?rest_route=%2Fwp%2Fv2%2Fcomments&post=86"}],"version-history":[{"count":2,"href":"https:\/\/amginesystems.de\/index.php?rest_route=\/wp\/v2\/pages\/86\/revisions"}],"predecessor-version":[{"id":88,"href":"https:\/\/amginesystems.de\/index.php?rest_route=\/wp\/v2\/pages\/86\/revisions\/88"}],"wp:attachment":[{"href":"https:\/\/amginesystems.de\/index.php?rest_route=%2Fwp%2Fv2%2Fmedia&parent=86"}],"curies":[{"name":"wp","href":"https:\/\/api.w.org\/{rel}","templated":true}]}}