{"id":5,"date":"2022-04-13T08:02:59","date_gmt":"2022-04-13T08:02:59","guid":{"rendered":"https:\/\/dev.amginesystems.de\/wordpress_O\/?page_id=5"},"modified":"2022-05-29T07:59:12","modified_gmt":"2022-05-29T07:59:12","slug":"amgine-systems-data-decoded","status":"publish","type":"page","link":"https:\/\/amginesystems.de\/","title":{"rendered":"Amgine Systems &#8211; Data decoded"},"content":{"rendered":"<div class=\"wp-block-site-logo\"><a href=\"https:\/\/amginesystems.de\/\" class=\"custom-logo-link\" rel=\"home\"><img loading=\"lazy\" decoding=\"async\" width=\"183\" height=\"50\" src=\"https:\/\/amginesystems.de\/wp-content\/uploads\/2022\/04\/cropped-amginelogoback-1.webp\" class=\"custom-logo\" alt=\"Amginesystems\" srcset=\"https:\/\/amginesystems.de\/wp-content\/uploads\/2022\/04\/cropped-amginelogoback-1.webp 320w, https:\/\/amginesystems.de\/wp-content\/uploads\/2022\/04\/cropped-amginelogoback-1-300x83.webp 300w\" sizes=\"auto, (max-width: 183px) 100vw, 183px\" \/><\/a><\/div>\n\n\n<p class=\"has-background-color has-foreground-background-color has-text-color has-background has-medium-font-size\">Die immer st\u00e4rker werdende Digitalisierung erzeugt eine Unmenge an Daten, welche h\u00e4ufig noch manuell weiter verarbeitet werden m\u00fcssen. Ziel ist es jedoch, dass Ihre Daten automatisiert und damit sehr schnell in der gew\u00fcnschter Form vorliegen. Dieser Herausforderung stellen sich mittlerweile auch kleine und mittelst\u00e4ndische Unternehmen &#8211;&nbsp; genau diese m\u00f6chte ich gerne unterst\u00fctzten!<\/p>\n\n\n\n<figure class=\"wp-block-gallery has-nested-images columns-default is-cropped wp-block-gallery-2 is-layout-flex wp-block-gallery-is-layout-flex\">\n<figure class=\"wp-block-image size-full is-resized wp-duotone-000000-ffffff-1\"><img loading=\"lazy\" decoding=\"async\" data-id=\"31\" src=\"https:\/\/dev.amginesystems.de\/wordpress_O\/wp-content\/uploads\/2022\/04\/sapcontentmanager-edited.png\" alt=\"\" class=\"wp-image-31\" width=\"291\" height=\"419\" srcset=\"https:\/\/amginesystems.de\/wp-content\/uploads\/2022\/04\/sapcontentmanager-edited.png 331w, https:\/\/amginesystems.de\/wp-content\/uploads\/2022\/04\/sapcontentmanager-edited-208x300.png 208w\" sizes=\"auto, (max-width: 291px) 100vw, 291px\" \/><\/figure>\n\n\n\n<figure class=\"wp-block-image size-full\"><img loading=\"lazy\" decoding=\"async\" width=\"1024\" height=\"588\" data-id=\"33\" src=\"https:\/\/dev.amginesystems.de\/wordpress_O\/wp-content\/uploads\/2022\/04\/powerbisample-1024x588.png\" alt=\"\" class=\"wp-image-33\" srcset=\"https:\/\/amginesystems.de\/wp-content\/uploads\/2022\/04\/powerbisample-1024x588.png 1024w, https:\/\/amginesystems.de\/wp-content\/uploads\/2022\/04\/powerbisample-300x172.png 300w, https:\/\/amginesystems.de\/wp-content\/uploads\/2022\/04\/powerbisample-768x441.png 768w, https:\/\/amginesystems.de\/wp-content\/uploads\/2022\/04\/powerbisample.png 1218w\" sizes=\"auto, (max-width: 1024px) 100vw, 1024px\" \/><\/figure>\n\n\n\n<figure class=\"wp-block-image size-full\"><img loading=\"lazy\" decoding=\"async\" width=\"669\" height=\"372\" data-id=\"34\" src=\"https:\/\/dev.amginesystems.de\/wordpress_O\/wp-content\/uploads\/2022\/04\/pythonsample.png\" alt=\"\" class=\"wp-image-34\" srcset=\"https:\/\/amginesystems.de\/wp-content\/uploads\/2022\/04\/pythonsample.png 669w, https:\/\/amginesystems.de\/wp-content\/uploads\/2022\/04\/pythonsample-300x167.png 300w\" sizes=\"auto, (max-width: 669px) 100vw, 669px\" \/><\/figure>\n\n\n\n<figure class=\"wp-block-image size-full\"><img loading=\"lazy\" decoding=\"async\" width=\"618\" height=\"298\" data-id=\"35\" src=\"https:\/\/dev.amginesystems.de\/wordpress_O\/wp-content\/uploads\/2022\/04\/java-sample.png\" alt=\"\" class=\"wp-image-35\" srcset=\"https:\/\/amginesystems.de\/wp-content\/uploads\/2022\/04\/java-sample.png 618w, https:\/\/amginesystems.de\/wp-content\/uploads\/2022\/04\/java-sample-300x145.png 300w\" sizes=\"auto, (max-width: 618px) 100vw, 618px\" \/><\/figure>\n\n\n\n<figure class=\"wp-block-image size-full\"><img loading=\"lazy\" decoding=\"async\" width=\"870\" height=\"528\" data-id=\"37\" src=\"https:\/\/dev.amginesystems.de\/wordpress_O\/wp-content\/uploads\/2022\/04\/shopwaresample.png\" alt=\"\" class=\"wp-image-37\" srcset=\"https:\/\/amginesystems.de\/wp-content\/uploads\/2022\/04\/shopwaresample.png 870w, https:\/\/amginesystems.de\/wp-content\/uploads\/2022\/04\/shopwaresample-300x182.png 300w, https:\/\/amginesystems.de\/wp-content\/uploads\/2022\/04\/shopwaresample-768x466.png 768w\" sizes=\"auto, (max-width: 870px) 100vw, 870px\" \/><\/figure>\n<\/figure>\n\n\n\n<p><\/p>\n","protected":false},"excerpt":{"rendered":"<p>Die immer st\u00e4rker werdende Digitalisierung erzeugt eine Unmenge an Daten, welche h\u00e4ufig noch manuell weiter verarbeitet werden m\u00fcssen. Ziel ist es jedoch, dass Ihre Daten automatisiert und damit sehr schnell in der gew\u00fcnschter Form vorliegen. Dieser Herausforderung stellen sich mittlerweile auch kleine und mittelst\u00e4ndische Unternehmen &#8211;&nbsp; genau diese m\u00f6chte ich gerne unterst\u00fctzten!<\/p>\n","protected":false},"author":1,"featured_media":0,"parent":0,"menu_order":0,"comment_status":"closed","ping_status":"closed","template":"","meta":{"footnotes":""},"class_list":["post-5","page","type-page","status-publish","hentry","entry"],"_links":{"self":[{"href":"https:\/\/amginesystems.de\/index.php?rest_route=\/wp\/v2\/pages\/5","targetHints":{"allow":["GET"]}}],"collection":[{"href":"https:\/\/amginesystems.de\/index.php?rest_route=\/wp\/v2\/pages"}],"about":[{"href":"https:\/\/amginesystems.de\/index.php?rest_route=\/wp\/v2\/types\/page"}],"author":[{"embeddable":true,"href":"https:\/\/amginesystems.de\/index.php?rest_route=\/wp\/v2\/users\/1"}],"replies":[{"embeddable":true,"href":"https:\/\/amginesystems.de\/index.php?rest_route=%2Fwp%2Fv2%2Fcomments&post=5"}],"version-history":[{"count":5,"href":"https:\/\/amginesystems.de\/index.php?rest_route=\/wp\/v2\/pages\/5\/revisions"}],"predecessor-version":[{"id":76,"href":"https:\/\/amginesystems.de\/index.php?rest_route=\/wp\/v2\/pages\/5\/revisions\/76"}],"wp:attachment":[{"href":"https:\/\/amginesystems.de\/index.php?rest_route=%2Fwp%2Fv2%2Fmedia&parent=5"}],"curies":[{"name":"wp","href":"https:\/\/api.w.org\/{rel}","templated":true}]}}