{"id":39,"date":"2022-04-13T08:03:07","date_gmt":"2022-04-13T08:03:07","guid":{"rendered":"https:\/\/dev.amginesystems.de\/wordpress_O\/?page_id=39"},"modified":"2022-05-29T08:01:23","modified_gmt":"2022-05-29T08:01:23","slug":"business-intelligence","status":"publish","type":"page","link":"https:\/\/amginesystems.de\/?page_id=39","title":{"rendered":"Business Intelligence"},"content":{"rendered":"\n<h3 class=\"wp-block-heading\">Gesch\u00e4ftszahlen auf einen Klick<\/h3>\n\n\n\n<p>Ein Thema, das jedes Unternehmen besch\u00e4ftigt, sind die aktuellen Gesch\u00e4ftszahlen. Leider m\u00fcssen diese meistens aufwendig erzeugt werden und k\u00f6nnen so nicht schnell zwischen Terminen \u00fcberpr\u00fcft werden. Auch die Vorbereitung dieser Zahlen f\u00fcr Meetings ist meist sehr zeitintensiv.<br><br>Mittlerweile gibt es jedoch M\u00f6glichkeiten, diese Zahlen auf einen Klick darzustellen und beliebig zu formatieren.\u00a0<br><br>Ich verwende f\u00fcr diese Darstellung Microsoft Power Bi, dieses webbasierte System kann ohne gr\u00f6\u00dferen Aufwand mit jedem anderen System verbunden werden.<br><br>Ich arbeite seit 2017 mit MS PowerBi und habe das System bereits in Verbindung mit SAP Business One im produktiven Einsatz. Anhand einer Datenbank-gest\u00fctzten Verbindung sind den Auswertungen ihres Systems keine Grenzen gesetzt.<\/p>\n\n\n\n<figure class=\"wp-block-gallery has-nested-images columns-default is-cropped wp-block-gallery-1 is-layout-flex wp-block-gallery-is-layout-flex\">\n<figure class=\"wp-block-image size-large\"><img loading=\"lazy\" decoding=\"async\" width=\"1218\" height=\"699\" data-id=\"33\" src=\"https:\/\/dev.amginesystems.de\/wordpress_O\/wp-content\/uploads\/2022\/04\/powerbisample.png\" alt=\"\" class=\"wp-image-33\" srcset=\"https:\/\/amginesystems.de\/wp-content\/uploads\/2022\/04\/powerbisample.png 1218w, https:\/\/amginesystems.de\/wp-content\/uploads\/2022\/04\/powerbisample-300x172.png 300w, https:\/\/amginesystems.de\/wp-content\/uploads\/2022\/04\/powerbisample-1024x588.png 1024w, https:\/\/amginesystems.de\/wp-content\/uploads\/2022\/04\/powerbisample-768x441.png 768w\" sizes=\"auto, (max-width: 1218px) 100vw, 1218px\" \/><\/figure>\n<\/figure>\n","protected":false},"excerpt":{"rendered":"<p>Gesch\u00e4ftszahlen auf einen Klick Ein Thema, das jedes Unternehmen besch\u00e4ftigt, sind die aktuellen Gesch\u00e4ftszahlen. Leider m\u00fcssen diese meistens aufwendig erzeugt werden und k\u00f6nnen so nicht schnell zwischen Terminen \u00fcberpr\u00fcft werden. Auch die Vorbereitung dieser Zahlen f\u00fcr Meetings ist meist sehr zeitintensiv. Mittlerweile gibt es jedoch M\u00f6glichkeiten, diese Zahlen auf einen Klick darzustellen und beliebig zu&hellip; <a class=\"more-link\" href=\"https:\/\/amginesystems.de\/?page_id=39\"><span class=\"screen-reader-text\">Business Intelligence<\/span> weiterlesen<\/a><\/p>\n","protected":false},"author":1,"featured_media":0,"parent":0,"menu_order":0,"comment_status":"closed","ping_status":"closed","template":"","meta":{"footnotes":""},"class_list":["post-39","page","type-page","status-publish","hentry","entry"],"_links":{"self":[{"href":"https:\/\/amginesystems.de\/index.php?rest_route=\/wp\/v2\/pages\/39","targetHints":{"allow":["GET"]}}],"collection":[{"href":"https:\/\/amginesystems.de\/index.php?rest_route=\/wp\/v2\/pages"}],"about":[{"href":"https:\/\/amginesystems.de\/index.php?rest_route=\/wp\/v2\/types\/page"}],"author":[{"embeddable":true,"href":"https:\/\/amginesystems.de\/index.php?rest_route=\/wp\/v2\/users\/1"}],"replies":[{"embeddable":true,"href":"https:\/\/amginesystems.de\/index.php?rest_route=%2Fwp%2Fv2%2Fcomments&post=39"}],"version-history":[{"count":4,"href":"https:\/\/amginesystems.de\/index.php?rest_route=\/wp\/v2\/pages\/39\/revisions"}],"predecessor-version":[{"id":78,"href":"https:\/\/amginesystems.de\/index.php?rest_route=\/wp\/v2\/pages\/39\/revisions\/78"}],"wp:attachment":[{"href":"https:\/\/amginesystems.de\/index.php?rest_route=%2Fwp%2Fv2%2Fmedia&parent=39"}],"curies":[{"name":"wp","href":"https:\/\/api.w.org\/{rel}","templated":true}]}}